{"id":98,"date":"2019-03-20T17:53:13","date_gmt":"2019-03-20T15:53:13","guid":{"rendered":"http:\/\/artsea.fi\/?page_id=98"},"modified":"2019-05-24T23:30:10","modified_gmt":"2019-05-24T20:30:10","slug":"japaniaiheiset-taulut","status":"publish","type":"page","link":"https:\/\/artsea.fi\/?page_id=98","title":{"rendered":"Japaniaiheiset taulut"},"content":{"rendered":"\n<figure class=\"wp-block-image\"><img loading=\"lazy\" decoding=\"async\" width=\"232\" height=\"300\" src=\"http:\/\/artsea.fi\/wp-content\/uploads\/2019\/03\/1a168585-7a3f-4631-b65a-a8fc4e1e1d2c-232x300.jpg\" alt=\"Temple\" class=\"wp-image-47\" srcset=\"https:\/\/artsea.fi\/wp-content\/uploads\/2019\/03\/1a168585-7a3f-4631-b65a-a8fc4e1e1d2c-232x300.jpg 232w, https:\/\/artsea.fi\/wp-content\/uploads\/2019\/03\/1a168585-7a3f-4631-b65a-a8fc4e1e1d2c-768x992.jpg 768w, https:\/\/artsea.fi\/wp-content\/uploads\/2019\/03\/1a168585-7a3f-4631-b65a-a8fc4e1e1d2c.jpg 793w\" sizes=\"auto, (max-width: 232px) 85vw, 232px\" \/><figcaption>Temple 2019 Akryyli Koko: 80&#215;65 cm, Myyty\/Sold.<\/figcaption><\/figure>\n\n\n\n<figure class=\"wp-block-image\"><img loading=\"lazy\" decoding=\"async\" width=\"300\" height=\"250\" src=\"http:\/\/artsea.fi\/wp-content\/uploads\/2019\/03\/IMG_8559-300x250.jpg\" alt=\"\" class=\"wp-image-48\" srcset=\"https:\/\/artsea.fi\/wp-content\/uploads\/2019\/03\/IMG_8559-300x250.jpg 300w, https:\/\/artsea.fi\/wp-content\/uploads\/2019\/03\/IMG_8559.jpg 640w\" sizes=\"auto, (max-width: 300px) 85vw, 300px\" \/><figcaption>1Mount Fuji from Tokyo 2019 Akryyli Koko: 54&#215;65 cm, Myyty\/Sold.<\/figcaption><\/figure>\n\n\n\n<figure class=\"wp-block-image\"><img loading=\"lazy\" decoding=\"async\" width=\"300\" height=\"247\" src=\"http:\/\/artsea.fi\/wp-content\/uploads\/2019\/03\/IMG_8561-300x247.jpg\" alt=\"\" class=\"wp-image-50\" srcset=\"https:\/\/artsea.fi\/wp-content\/uploads\/2019\/03\/IMG_8561-300x247.jpg 300w, https:\/\/artsea.fi\/wp-content\/uploads\/2019\/03\/IMG_8561.jpg 640w\" sizes=\"auto, (max-width: 300px) 85vw, 300px\" \/><figcaption>Kinkakuji\n2019 Akryyli\nKoko: 38&#215;46 cm\n\u20ac 90<\/figcaption><\/figure>\n\n\n\n<figure class=\"wp-block-image\"><img loading=\"lazy\" decoding=\"async\" width=\"234\" height=\"300\" src=\"http:\/\/artsea.fi\/wp-content\/uploads\/2019\/03\/IMG_8560-234x300.jpg\" alt=\"Koi Carp\" class=\"wp-image-49\" srcset=\"https:\/\/artsea.fi\/wp-content\/uploads\/2019\/03\/IMG_8560-234x300.jpg 234w, https:\/\/artsea.fi\/wp-content\/uploads\/2019\/03\/IMG_8560.jpg 499w\" sizes=\"auto, (max-width: 234px) 85vw, 234px\" \/><figcaption>Koi Carp 2019 Akryyli koko: 41&#215;33 cm, Myyty\/Sold.<\/figcaption><\/figure>\n\n\n\n<figure class=\"wp-block-image\"><img loading=\"lazy\" decoding=\"async\" width=\"300\" height=\"249\" src=\"http:\/\/artsea.fi\/wp-content\/uploads\/2019\/03\/IMG_8631-300x249.jpg\" alt=\"\" class=\"wp-image-52\" srcset=\"https:\/\/artsea.fi\/wp-content\/uploads\/2019\/03\/IMG_8631-300x249.jpg 300w, https:\/\/artsea.fi\/wp-content\/uploads\/2019\/03\/IMG_8631.jpg 640w\" sizes=\"auto, (max-width: 300px) 85vw, 300px\" \/><figcaption>Sakura\n2019 Akryyli\nKoko: 54&#215;65 cm\n\u20ac 100<\/figcaption><\/figure>\n\n\n\n<figure class=\"wp-block-image\"><img loading=\"lazy\" decoding=\"async\" width=\"300\" height=\"245\" src=\"http:\/\/artsea.fi\/wp-content\/uploads\/2019\/03\/IMG_8632-300x245.jpg\" alt=\"\" class=\"wp-image-53\" srcset=\"https:\/\/artsea.fi\/wp-content\/uploads\/2019\/03\/IMG_8632-300x245.jpg 300w, https:\/\/artsea.fi\/wp-content\/uploads\/2019\/03\/IMG_8632.jpg 640w\" sizes=\"auto, (max-width: 300px) 85vw, 300px\" \/><figcaption>Teacup\n2019 Akryyli\nKoko: 81&#215;65 cm\n\u20ac 110<\/figcaption><\/figure>\n\n\n\n<figure class=\"wp-block-image\"><img loading=\"lazy\" decoding=\"async\" width=\"300\" height=\"248\" src=\"http:\/\/artsea.fi\/wp-content\/uploads\/2019\/03\/IMG_8602-300x248.jpg\" alt=\"Chopsticks\" class=\"wp-image-51\" srcset=\"https:\/\/artsea.fi\/wp-content\/uploads\/2019\/03\/IMG_8602-300x248.jpg 300w, https:\/\/artsea.fi\/wp-content\/uploads\/2019\/03\/IMG_8602.jpg 640w\" sizes=\"auto, (max-width: 300px) 85vw, 300px\" \/><figcaption>Chopsticks\n2019 Akryyli\nKoko: 54&#215;65 cm\n\u20ac 90<\/figcaption><\/figure>\n\n\n\n<figure class=\"wp-block-image\"><img loading=\"lazy\" decoding=\"async\" width=\"238\" height=\"300\" src=\"http:\/\/artsea.fi\/wp-content\/uploads\/2019\/03\/IMG_0128-238x300.jpg\" alt=\"Sake\" class=\"wp-image-109\" srcset=\"https:\/\/artsea.fi\/wp-content\/uploads\/2019\/03\/IMG_0128-238x300.jpg 238w, https:\/\/artsea.fi\/wp-content\/uploads\/2019\/03\/IMG_0128.jpg 508w\" sizes=\"auto, (max-width: 238px) 85vw, 238px\" \/><figcaption>Sake\n2019 Akryyli\nkoko: 41&#215;33 cm\n\u20ac 70<\/figcaption><\/figure>\n\n\n\n<figure class=\"wp-block-image\"><img loading=\"lazy\" decoding=\"async\" width=\"247\" height=\"300\" src=\"http:\/\/artsea.fi\/wp-content\/uploads\/2019\/03\/IMG_0127-247x300.jpg\" alt=\"Friend\" class=\"wp-image-108\" srcset=\"https:\/\/artsea.fi\/wp-content\/uploads\/2019\/03\/IMG_0127-247x300.jpg 247w, https:\/\/artsea.fi\/wp-content\/uploads\/2019\/03\/IMG_0127.jpg 527w\" sizes=\"auto, (max-width: 247px) 85vw, 247px\" \/><figcaption>Friend\n2019 Akryyli\nKoko: 65&#215;54 cm\n\u20ac 90<\/figcaption><\/figure>\n\n\n\n<figure class=\"wp-block-image\"><img loading=\"lazy\" decoding=\"async\" width=\"121\" height=\"300\" src=\"http:\/\/artsea.fi\/wp-content\/uploads\/2019\/03\/IMG_0129-121x300.jpg\" alt=\"Bamboo\" class=\"wp-image-110\" srcset=\"https:\/\/artsea.fi\/wp-content\/uploads\/2019\/03\/IMG_0129-121x300.jpg 121w, https:\/\/artsea.fi\/wp-content\/uploads\/2019\/03\/IMG_0129.jpg 259w\" sizes=\"auto, (max-width: 121px) 85vw, 121px\" \/><figcaption>Bamboo\n2019 Akryyli\nKoko: 50&#215;20 cm\n\u20ac 40<\/figcaption><\/figure>\n\n\n\n<p>Hei,<\/p>\n\n\n\n<p>kaikki tauluni ovat toteutettu akryylimaalilla. Annan mielell\u00e4ni \nteoksista lis\u00e4tietoa. Kaikki kysymykset voi l\u00e4hett\u00e4\u00e4 s\u00e4hk\u00f6postitse \ninfo@artsea.fi.<\/p>\n\n\n\n<p>Valitettavasti ruutu ei toista v\u00e4rej\u00e4 oiken, joten kuvat eiv\u00e4t ole yksi yhteen alkuper\u00e4isen taulun kanssa.<\/p>\n\n\n\n<p>Hinnat sis alv.<\/p>\n\n\n\n<p>Toimituskulut eiv\u00e4t sis\u00e4lly hintaan ja niist\u00e4 voimme sopia sitten erikseen.<\/p>\n","protected":false},"excerpt":{"rendered":"<p>Hei, kaikki tauluni ovat toteutettu akryylimaalilla. Annan mielell\u00e4ni teoksista lis\u00e4tietoa. Kaikki kysymykset voi l\u00e4hett\u00e4\u00e4 s\u00e4hk\u00f6postitse info@artsea.fi. Valitettavasti ruutu ei toista v\u00e4rej\u00e4 oiken, joten kuvat eiv\u00e4t ole yksi yhteen alkuper\u00e4isen taulun kanssa. Hinnat sis alv. Toimituskulut eiv\u00e4t sis\u00e4lly hintaan ja niist\u00e4 voimme sopia sitten erikseen.<\/p>\n","protected":false},"author":2,"featured_media":0,"parent":0,"menu_order":0,"comment_status":"closed","ping_status":"closed","template":"","meta":{"footnotes":""},"class_list":["post-98","page","type-page","status-publish","hentry"],"_links":{"self":[{"href":"https:\/\/artsea.fi\/index.php?rest_route=\/wp\/v2\/pages\/98","targetHints":{"allow":["GET"]}}],"collection":[{"href":"https:\/\/artsea.fi\/index.php?rest_route=\/wp\/v2\/pages"}],"about":[{"href":"https:\/\/artsea.fi\/index.php?rest_route=\/wp\/v2\/types\/page"}],"author":[{"embeddable":true,"href":"https:\/\/artsea.fi\/index.php?rest_route=\/wp\/v2\/users\/2"}],"replies":[{"embeddable":true,"href":"https:\/\/artsea.fi\/index.php?rest_route=%2Fwp%2Fv2%2Fcomments&post=98"}],"version-history":[{"count":14,"href":"https:\/\/artsea.fi\/index.php?rest_route=\/wp\/v2\/pages\/98\/revisions"}],"predecessor-version":[{"id":166,"href":"https:\/\/artsea.fi\/index.php?rest_route=\/wp\/v2\/pages\/98\/revisions\/166"}],"wp:attachment":[{"href":"https:\/\/artsea.fi\/index.php?rest_route=%2Fwp%2Fv2%2Fmedia&parent=98"}],"curies":[{"name":"wp","href":"https:\/\/api.w.org\/{rel}","templated":true}]}}